{"id":6189,"date":"2021-06-21T18:06:37","date_gmt":"2021-06-21T18:06:37","guid":{"rendered":"https:\/\/spark-cg.com\/?post_type=product&#038;p=6189"},"modified":"2021-06-21T18:06:38","modified_gmt":"2021-06-21T18:06:38","slug":"tyvek-classic-xpert","status":"publish","type":"product","link":"https:\/\/spark-cg.com\/cg\/\u043f\u0440\u043e\u0438\u0437\u0432\u043e\u0434\/tyvek-classic-xpert\/","title":{"rendered":"TYVEK\u00ae CLASSIC XPERT"},"content":{"rendered":"<p>Za\u0161titni kombinezon \u0161titi od razli\u010ditih vrsta neorganskih hemikalija slabije koncentracije i \u010destica ve\u0107ih od 1 \u00b5m, \u0161titi od radioaktivnih \u010destica<\/p>","protected":false},"excerpt":{"rendered":"<p>OD\/T-001<\/p>","protected":false},"featured_media":6190,"template":"","meta":{"_mi_skip_tracking":false,"_monsterinsights_sitenote_active":false,"_monsterinsights_sitenote_note":"","_monsterinsights_sitenote_category":0,"site-sidebar-layout":"default","site-content-layout":"default","ast-main-header-display":"","ast-hfb-above-header-display":"","ast-hfb-below-header-display":"","ast-hfb-mobile-header-display":"","site-post-title":"","ast-breadcrumbs-content":"","ast-featured-img":"","footer-sml-layout":"","theme-transparent-header-meta":"default","adv-header-id-meta":"","stick-header-meta":"","header-above-stick-meta":"","header-main-stick-meta":"","header-below-stick-meta":""},"product_cat":[256],"product_tag":[268],"_links":{"self":[{"href":"https:\/\/spark-cg.com\/cg\/wp-json\/wp\/v2\/product\/6189"}],"collection":[{"href":"https:\/\/spark-cg.com\/cg\/wp-json\/wp\/v2\/product"}],"about":[{"href":"https:\/\/spark-cg.com\/cg\/wp-json\/wp\/v2\/types\/product"}],"wp:featuredmedia":[{"embeddable":true,"href":"https:\/\/spark-cg.com\/cg\/wp-json\/wp\/v2\/media\/6190"}],"wp:attachment":[{"href":"https:\/\/spark-cg.com\/cg\/wp-json\/wp\/v2\/media?parent=6189"}],"wp:term":[{"taxonomy":"product_cat","embeddable":true,"href":"https:\/\/spark-cg.com\/cg\/wp-json\/wp\/v2\/product_cat?post=6189"},{"taxonomy":"product_tag","embeddable":true,"href":"https:\/\/spark-cg.com\/cg\/wp-json\/wp\/v2\/product_tag?post=6189"}],"curies":[{"name":"wp","href":"https:\/\/api.w.org\/{rel}","templated":true}]}}