{"id":5852,"date":"2021-06-20T13:02:00","date_gmt":"2021-06-20T13:02:00","guid":{"rendered":"https:\/\/spark-cg.com\/?post_type=product&#038;p=5852"},"modified":"2021-06-20T13:02:00","modified_gmt":"2021-06-20T13:02:00","slug":"lascar","status":"publish","type":"product","link":"https:\/\/spark-cg.com\/cg\/\u043f\u0440\u043e\u0438\u0437\u0432\u043e\u0434\/lascar\/","title":{"rendered":"LASCAR"},"content":{"rendered":"<p>Varila\u010dka kecelja od gove\u0111eg \u0161palta, sa kevlarskim koncem i kop\u010danjem pozadi, univerzalne veli\u010dine<\/p>","protected":false},"excerpt":{"rendered":"<p>OD-FR5010<\/p>","protected":false},"featured_media":5853,"template":"","meta":{"_mi_skip_tracking":false,"_monsterinsights_sitenote_active":false,"_monsterinsights_sitenote_note":"","_monsterinsights_sitenote_category":0,"site-sidebar-layout":"default","site-content-layout":"default","ast-main-header-display":"","ast-hfb-above-header-display":"","ast-hfb-below-header-display":"","ast-hfb-mobile-header-display":"","site-post-title":"","ast-breadcrumbs-content":"","ast-featured-img":"","footer-sml-layout":"","theme-transparent-header-meta":"default","adv-header-id-meta":"","stick-header-meta":"","header-above-stick-meta":"","header-main-stick-meta":"","header-below-stick-meta":""},"product_cat":[256],"product_tag":[262],"_links":{"self":[{"href":"https:\/\/spark-cg.com\/cg\/wp-json\/wp\/v2\/product\/5852"}],"collection":[{"href":"https:\/\/spark-cg.com\/cg\/wp-json\/wp\/v2\/product"}],"about":[{"href":"https:\/\/spark-cg.com\/cg\/wp-json\/wp\/v2\/types\/product"}],"wp:featuredmedia":[{"embeddable":true,"href":"https:\/\/spark-cg.com\/cg\/wp-json\/wp\/v2\/media\/5853"}],"wp:attachment":[{"href":"https:\/\/spark-cg.com\/cg\/wp-json\/wp\/v2\/media?parent=5852"}],"wp:term":[{"taxonomy":"product_cat","embeddable":true,"href":"https:\/\/spark-cg.com\/cg\/wp-json\/wp\/v2\/product_cat?post=5852"},{"taxonomy":"product_tag","embeddable":true,"href":"https:\/\/spark-cg.com\/cg\/wp-json\/wp\/v2\/product_tag?post=5852"}],"curies":[{"name":"wp","href":"https:\/\/api.w.org\/{rel}","templated":true}]}}