{"id":5280,"date":"2021-06-19T15:08:23","date_gmt":"2021-06-19T15:08:23","guid":{"rendered":"https:\/\/spark-cg.com\/?post_type=product&#038;p=5280"},"modified":"2021-06-19T15:08:23","modified_gmt":"2021-06-19T15:08:23","slug":"heron","status":"publish","type":"product","link":"https:\/\/spark-cg.com\/cg\/\u043f\u0440\u043e\u0438\u0437\u0432\u043e\u0434\/heron\/","title":{"rendered":"HERON"},"content":{"rendered":"<p>Za\u0161titne rukavice od svinjske ko\u017ee. Dlan i prsti su oker boje. Imaju \u0161palt sa gornje stran, mekane<\/p>","protected":false},"excerpt":{"rendered":"<p>R-K001<\/p>","protected":false},"featured_media":5281,"template":"","meta":{"_mi_skip_tracking":false,"_monsterinsights_sitenote_active":false,"_monsterinsights_sitenote_note":"","_monsterinsights_sitenote_category":0,"site-sidebar-layout":"default","site-content-layout":"default","ast-main-header-display":"","ast-hfb-above-header-display":"","ast-hfb-below-header-display":"","ast-hfb-mobile-header-display":"","site-post-title":"","ast-breadcrumbs-content":"","ast-featured-img":"","footer-sml-layout":"","theme-transparent-header-meta":"default","adv-header-id-meta":"","stick-header-meta":"","header-above-stick-meta":"","header-main-stick-meta":"","header-below-stick-meta":""},"product_cat":[245],"product_tag":[253],"_links":{"self":[{"href":"https:\/\/spark-cg.com\/cg\/wp-json\/wp\/v2\/product\/5280"}],"collection":[{"href":"https:\/\/spark-cg.com\/cg\/wp-json\/wp\/v2\/product"}],"about":[{"href":"https:\/\/spark-cg.com\/cg\/wp-json\/wp\/v2\/types\/product"}],"wp:featuredmedia":[{"embeddable":true,"href":"https:\/\/spark-cg.com\/cg\/wp-json\/wp\/v2\/media\/5281"}],"wp:attachment":[{"href":"https:\/\/spark-cg.com\/cg\/wp-json\/wp\/v2\/media?parent=5280"}],"wp:term":[{"taxonomy":"product_cat","embeddable":true,"href":"https:\/\/spark-cg.com\/cg\/wp-json\/wp\/v2\/product_cat?post=5280"},{"taxonomy":"product_tag","embeddable":true,"href":"https:\/\/spark-cg.com\/cg\/wp-json\/wp\/v2\/product_tag?post=5280"}],"curies":[{"name":"wp","href":"https:\/\/api.w.org\/{rel}","templated":true}]}}