{"id":4904,"date":"2021-06-17T17:55:02","date_gmt":"2021-06-17T17:55:02","guid":{"rendered":"https:\/\/spark-cg.com\/?post_type=product&#038;p=4904"},"modified":"2021-06-17T17:55:02","modified_gmt":"2021-06-17T17:55:02","slug":"elektroizolacione-cizme-sb-e-ci-fo-hro-src","status":"publish","type":"product","link":"https:\/\/spark-cg.com\/cg\/\u043f\u0440\u043e\u0438\u0437\u0432\u043e\u0434\/elektroizolacione-cizme-sb-e-ci-fo-hro-src\/","title":{"rendered":"ELEKTROIZOLACIONE \u010cIZME SB E CI FO HRO SRC"},"content":{"rendered":"<p>Elektroizolacione (dielektri\u010dne) \u010dizme sa \u010deli\u010dnom kapom i \u010deli\u010dnim za\u0161titnim listom, sa tekstilnom postavom<\/p>","protected":false},"excerpt":{"rendered":"<p><span class=\"alboSearchProductLabel\">RSPRX-095<\/span><\/p>","protected":false},"featured_media":4905,"template":"","meta":{"_mi_skip_tracking":false,"_monsterinsights_sitenote_active":false,"_monsterinsights_sitenote_note":"","_monsterinsights_sitenote_category":0,"site-sidebar-layout":"default","site-content-layout":"default","ast-main-header-display":"","ast-hfb-above-header-display":"","ast-hfb-below-header-display":"","ast-hfb-mobile-header-display":"","site-post-title":"","ast-breadcrumbs-content":"","ast-featured-img":"","footer-sml-layout":"","theme-transparent-header-meta":"default","adv-header-id-meta":"","stick-header-meta":"","header-above-stick-meta":"","header-main-stick-meta":"","header-below-stick-meta":""},"product_cat":[238],"product_tag":[243],"_links":{"self":[{"href":"https:\/\/spark-cg.com\/cg\/wp-json\/wp\/v2\/product\/4904"}],"collection":[{"href":"https:\/\/spark-cg.com\/cg\/wp-json\/wp\/v2\/product"}],"about":[{"href":"https:\/\/spark-cg.com\/cg\/wp-json\/wp\/v2\/types\/product"}],"wp:featuredmedia":[{"embeddable":true,"href":"https:\/\/spark-cg.com\/cg\/wp-json\/wp\/v2\/media\/4905"}],"wp:attachment":[{"href":"https:\/\/spark-cg.com\/cg\/wp-json\/wp\/v2\/media?parent=4904"}],"wp:term":[{"taxonomy":"product_cat","embeddable":true,"href":"https:\/\/spark-cg.com\/cg\/wp-json\/wp\/v2\/product_cat?post=4904"},{"taxonomy":"product_tag","embeddable":true,"href":"https:\/\/spark-cg.com\/cg\/wp-json\/wp\/v2\/product_tag?post=4904"}],"curies":[{"name":"wp","href":"https:\/\/api.w.org\/{rel}","templated":true}]}}