{"id":4768,"date":"2021-06-17T12:28:29","date_gmt":"2021-06-17T12:28:29","guid":{"rendered":"https:\/\/spark-cg.com\/?post_type=product&#038;p=4768"},"modified":"2021-06-17T12:28:29","modified_gmt":"2021-06-17T12:28:29","slug":"raven-xt-plitke-s1-src","status":"publish","type":"product","link":"https:\/\/spark-cg.com\/cg\/\u043f\u0440\u043e\u0438\u0437\u0432\u043e\u0434\/raven-xt-plitke-s1-src\/","title":{"rendered":"RAVEN XT PLITKE S1 SRC"},"content":{"rendered":"<p>Raven XT donosi brojne inovacije &#8211; reflektuju\u0107e detalje za pove\u0107anu vidljivost, \u010detvorostruko pro\u0161ivanje, jezik koji pru\u017ea za\u0161titu od pra\u0161ine i vode<\/p>","protected":false},"excerpt":{"rendered":"<p>OB-BK1011<\/p>","protected":false},"featured_media":4769,"template":"","meta":{"_mi_skip_tracking":false,"_monsterinsights_sitenote_active":false,"_monsterinsights_sitenote_note":"","_monsterinsights_sitenote_category":0,"site-sidebar-layout":"default","site-content-layout":"default","ast-main-header-display":"","ast-hfb-above-header-display":"","ast-hfb-below-header-display":"","ast-hfb-mobile-header-display":"","site-post-title":"","ast-breadcrumbs-content":"","ast-featured-img":"","footer-sml-layout":"","theme-transparent-header-meta":"default","adv-header-id-meta":"","stick-header-meta":"","header-above-stick-meta":"","header-main-stick-meta":"","header-below-stick-meta":""},"product_cat":[238],"product_tag":[242],"_links":{"self":[{"href":"https:\/\/spark-cg.com\/cg\/wp-json\/wp\/v2\/product\/4768"}],"collection":[{"href":"https:\/\/spark-cg.com\/cg\/wp-json\/wp\/v2\/product"}],"about":[{"href":"https:\/\/spark-cg.com\/cg\/wp-json\/wp\/v2\/types\/product"}],"wp:featuredmedia":[{"embeddable":true,"href":"https:\/\/spark-cg.com\/cg\/wp-json\/wp\/v2\/media\/4769"}],"wp:attachment":[{"href":"https:\/\/spark-cg.com\/cg\/wp-json\/wp\/v2\/media?parent=4768"}],"wp:term":[{"taxonomy":"product_cat","embeddable":true,"href":"https:\/\/spark-cg.com\/cg\/wp-json\/wp\/v2\/product_cat?post=4768"},{"taxonomy":"product_tag","embeddable":true,"href":"https:\/\/spark-cg.com\/cg\/wp-json\/wp\/v2\/product_tag?post=4768"}],"curies":[{"name":"wp","href":"https:\/\/api.w.org\/{rel}","templated":true}]}}