{"id":4258,"date":"2021-06-13T12:56:07","date_gmt":"2021-06-13T12:56:07","guid":{"rendered":"https:\/\/spark-cg.com\/?post_type=product&#038;p=4258"},"modified":"2021-06-13T12:56:08","modified_gmt":"2021-06-13T12:56:08","slug":"surefit-evo-zicani-vizir","status":"publish","type":"product","link":"https:\/\/spark-cg.com\/cg\/\u043f\u0440\u043e\u0438\u0437\u0432\u043e\u0434\/surefit-evo-zicani-vizir\/","title":{"rendered":"SUREFIT\u2122 EVO \u017dI\u010cANI VIZIR"},"content":{"rendered":"<p>Rezervni \u017ei\u010dani vizir za \u0161umare<\/p>","protected":false},"excerpt":{"rendered":"<p><span class=\"alboSearchLabel\">\u00a0<\/span><span class=\"alboSearchProductLabel\">ZS-602<\/span><\/p>","protected":false},"featured_media":4259,"template":"","meta":{"_mi_skip_tracking":false,"_monsterinsights_sitenote_active":false,"_monsterinsights_sitenote_note":"","_monsterinsights_sitenote_category":0,"site-sidebar-layout":"default","site-content-layout":"default","ast-main-header-display":"","ast-hfb-above-header-display":"","ast-hfb-below-header-display":"","ast-hfb-mobile-header-display":"","site-post-title":"","ast-breadcrumbs-content":"","ast-featured-img":"","footer-sml-layout":"","theme-transparent-header-meta":"default","adv-header-id-meta":"","stick-header-meta":"","header-above-stick-meta":"","header-main-stick-meta":"","header-below-stick-meta":""},"product_cat":[154],"product_tag":[166,170],"_links":{"self":[{"href":"https:\/\/spark-cg.com\/cg\/wp-json\/wp\/v2\/product\/4258"}],"collection":[{"href":"https:\/\/spark-cg.com\/cg\/wp-json\/wp\/v2\/product"}],"about":[{"href":"https:\/\/spark-cg.com\/cg\/wp-json\/wp\/v2\/types\/product"}],"wp:featuredmedia":[{"embeddable":true,"href":"https:\/\/spark-cg.com\/cg\/wp-json\/wp\/v2\/media\/4259"}],"wp:attachment":[{"href":"https:\/\/spark-cg.com\/cg\/wp-json\/wp\/v2\/media?parent=4258"}],"wp:term":[{"taxonomy":"product_cat","embeddable":true,"href":"https:\/\/spark-cg.com\/cg\/wp-json\/wp\/v2\/product_cat?post=4258"},{"taxonomy":"product_tag","embeddable":true,"href":"https:\/\/spark-cg.com\/cg\/wp-json\/wp\/v2\/product_tag?post=4258"}],"curies":[{"name":"wp","href":"https:\/\/api.w.org\/{rel}","templated":true}]}}