{"id":4106,"date":"2021-06-12T17:54:01","date_gmt":"2021-06-12T17:54:01","guid":{"rendered":"https:\/\/spark-cg.com\/?post_type=product&#038;p=4106"},"modified":"2021-06-12T17:54:01","modified_gmt":"2021-06-12T17:54:01","slug":"uvex-pheos-9192-385","status":"publish","type":"product","link":"https:\/\/spark-cg.com\/cg\/\u043f\u0440\u043e\u0438\u0437\u0432\u043e\u0434\/uvex-pheos-9192-385\/","title":{"rendered":"UVEX PHEOS 9192.385"},"content":{"rendered":"<p>Za\u0161titne nao\u010dare sa so\u010divima \u017eute boje<\/p>","protected":false},"excerpt":{"rendered":"<p>UV-9192385<\/p>","protected":false},"featured_media":4107,"template":"","meta":{"_mi_skip_tracking":false,"_monsterinsights_sitenote_active":false,"_monsterinsights_sitenote_note":"","_monsterinsights_sitenote_category":0,"site-sidebar-layout":"default","site-content-layout":"default","ast-main-header-display":"","ast-hfb-above-header-display":"","ast-hfb-below-header-display":"","ast-hfb-mobile-header-display":"","site-post-title":"","ast-breadcrumbs-content":"","ast-featured-img":"","footer-sml-layout":"","theme-transparent-header-meta":"default","adv-header-id-meta":"","stick-header-meta":"","header-above-stick-meta":"","header-main-stick-meta":"","header-below-stick-meta":""},"product_cat":[109],"product_tag":[111,141],"_links":{"self":[{"href":"https:\/\/spark-cg.com\/cg\/wp-json\/wp\/v2\/product\/4106"}],"collection":[{"href":"https:\/\/spark-cg.com\/cg\/wp-json\/wp\/v2\/product"}],"about":[{"href":"https:\/\/spark-cg.com\/cg\/wp-json\/wp\/v2\/types\/product"}],"wp:featuredmedia":[{"embeddable":true,"href":"https:\/\/spark-cg.com\/cg\/wp-json\/wp\/v2\/media\/4107"}],"wp:attachment":[{"href":"https:\/\/spark-cg.com\/cg\/wp-json\/wp\/v2\/media?parent=4106"}],"wp:term":[{"taxonomy":"product_cat","embeddable":true,"href":"https:\/\/spark-cg.com\/cg\/wp-json\/wp\/v2\/product_cat?post=4106"},{"taxonomy":"product_tag","embeddable":true,"href":"https:\/\/spark-cg.com\/cg\/wp-json\/wp\/v2\/product_tag?post=4106"}],"curies":[{"name":"wp","href":"https:\/\/api.w.org\/{rel}","templated":true}]}}