{"id":4103,"date":"2021-06-12T17:52:09","date_gmt":"2021-06-12T17:52:09","guid":{"rendered":"https:\/\/spark-cg.com\/?post_type=product&#038;p=4103"},"modified":"2021-06-12T17:52:10","modified_gmt":"2021-06-12T17:52:10","slug":"uvex-i-3-9190-220","status":"publish","type":"product","link":"https:\/\/spark-cg.com\/cg\/\u043f\u0440\u043e\u0438\u0437\u0432\u043e\u0434\/uvex-i-3-9190-220\/","title":{"rendered":"UVEX I-3 9190.220"},"content":{"rendered":"<p>Inovativne za\u0161titne nao\u010dare sa podesivim ru\u010dicama<\/p>","protected":false},"excerpt":{"rendered":"<p>UV-9190220<\/p>","protected":false},"featured_media":4104,"template":"","meta":{"_mi_skip_tracking":false,"_monsterinsights_sitenote_active":false,"_monsterinsights_sitenote_note":"","_monsterinsights_sitenote_category":0,"site-sidebar-layout":"default","site-content-layout":"default","ast-main-header-display":"","ast-hfb-above-header-display":"","ast-hfb-below-header-display":"","ast-hfb-mobile-header-display":"","site-post-title":"","ast-breadcrumbs-content":"","ast-featured-img":"","footer-sml-layout":"","theme-transparent-header-meta":"default","adv-header-id-meta":"","stick-header-meta":"","header-above-stick-meta":"","header-main-stick-meta":"","header-below-stick-meta":""},"product_cat":[109],"product_tag":[111,140],"_links":{"self":[{"href":"https:\/\/spark-cg.com\/cg\/wp-json\/wp\/v2\/product\/4103"}],"collection":[{"href":"https:\/\/spark-cg.com\/cg\/wp-json\/wp\/v2\/product"}],"about":[{"href":"https:\/\/spark-cg.com\/cg\/wp-json\/wp\/v2\/types\/product"}],"wp:featuredmedia":[{"embeddable":true,"href":"https:\/\/spark-cg.com\/cg\/wp-json\/wp\/v2\/media\/4104"}],"wp:attachment":[{"href":"https:\/\/spark-cg.com\/cg\/wp-json\/wp\/v2\/media?parent=4103"}],"wp:term":[{"taxonomy":"product_cat","embeddable":true,"href":"https:\/\/spark-cg.com\/cg\/wp-json\/wp\/v2\/product_cat?post=4103"},{"taxonomy":"product_tag","embeddable":true,"href":"https:\/\/spark-cg.com\/cg\/wp-json\/wp\/v2\/product_tag?post=4103"}],"curies":[{"name":"wp","href":"https:\/\/api.w.org\/{rel}","templated":true}]}}