{"id":6329,"date":"2021-07-02T17:00:56","date_gmt":"2021-07-02T17:00:56","guid":{"rendered":"https:\/\/spark-cg.com\/?page_id=6329"},"modified":"2024-06-04T12:03:51","modified_gmt":"2024-06-04T12:03:51","slug":"o-nama","status":"publish","type":"page","link":"https:\/\/spark-cg.com\/cg\/o-nama\/","title":{"rendered":"O nama"},"content":{"rendered":"<div data-elementor-type=\"wp-page\" data-elementor-id=\"6329\" class=\"elementor elementor-6329\">\n\t\t\t\t\t\t\t\t\t<section class=\"elementor-section elementor-top-section elementor-element elementor-element-85a0b41 elementor-section-boxed elementor-section-height-default elementor-section-height-default\" data-id=\"85a0b41\" data-element_type=\"section\">\n\t\t\t\t\t\t\t<div class=\"elementor-background-overlay\"><\/div>\n\t\t\t\t\t\t\t<div class=\"elementor-container elementor-column-gap-default\">\n\t\t\t\t\t<div class=\"elementor-column elementor-col-100 elementor-top-column elementor-element elementor-element-fee1784\" data-id=\"fee1784\" data-element_type=\"column\">\n\t\t\t<div class=\"elementor-widget-wrap elementor-element-populated\">\n\t\t\t\t\t\t\t\t<div class=\"elementor-element elementor-element-b680ec3 elementor-invisible elementor-widget elementor-widget-text-editor\" data-id=\"b680ec3\" data-element_type=\"widget\" data-settings=\"{&quot;_animation&quot;:&quot;zoomIn&quot;}\" data-widget_type=\"text-editor.default\">\n\t\t\t\t<div class=\"elementor-widget-container\">\n\t\t\t\t\t\t\t<p>\u00a0<\/p><p>\u00a0Spark d.o.o. Nik\u0161i\u0107 je jedini specijalizovani proizvo\u0111a\u010d HTZ opreme i distributer za\u0161titnih sredstava na radu u Crnoj Gori. Preduze\u0107e je osnovano 1992 godine.<\/p><p>\u00a0Poznato je da negativni i \u0161tetni faktori na radnom mjestu na razli\u010dite na\u010dine ugro\u017eavaju \u010dovjeka i ljudsko zdravlje. Da bi sa\u010duvali kolektiv i za\u0161titili ljude od povreda i \u0161tetnih uticaja na njihovo zdravlje mo\u017eete se obratiti specijalizovanoj radnoj organizaciji SPARK d.o.o.- Nik\u0161i\u0107 koja posjeduje sva sredstva potrebna za li\u010dnu za\u0161titu u industriji, ugostiteljstvu, zdravstvu, doma\u0107instvu i svuda gdje za to postoji potreba.SPARK d.o.o. nudi sve za za\u0161titu u svim radnim sredinama: odje\u0107u, obu\u0107u, sredstva za\u0161tite glave, tijela, nogu, ruku, o\u010diju, sluha, disajnih organa itd.<\/p><p>\u00a0Pored toga, uz savjetovanje i edukovanje iz oblasti li\u010dnih za\u0161titnih sredstava, besplatno vr\u0161imo prevoz istih na teritoriji Crne Gore.Na\u0161e iskustvo i kori\u0161\u0107enje najsavremenijih dostignu\u0107a u ovoj oblasti rije\u0161ice svaki va\u0161 problem vezan za li\u010dna za\u0161titna sredstva i za\u0161titu na radu.<\/p>\t\t\t\t\t\t<\/div>\n\t\t\t\t<\/div>\n\t\t\t\t\t<\/div>\n\t\t<\/div>\n\t\t\t\t\t\t\t<\/div>\n\t\t<\/section>\n\t\t\t\t\t\t\t<\/div>","protected":false},"excerpt":{"rendered":"<p>\u00a0 \u00a0Spark d.o.o. Nik\u0161i\u0107 je jedini specijalizovani proizvo\u0111a\u010d HTZ opreme i distributer za\u0161titnih sredstava na radu u Crnoj Gori. Preduze\u0107e je osnovano 1992 godine. \u00a0Poznato je da negativni i \u0161tetni faktori na radnom mjestu na razli\u010dite na\u010dine ugro\u017eavaju \u010dovjeka i ljudsko zdravlje. Da bi sa\u010duvali kolektiv i za\u0161titili ljude od povreda i \u0161tetnih uticaja na &hellip;<\/p>\n<p class=\"read-more\"> <a class=\"\" href=\"https:\/\/spark-cg.com\/cg\/o-nama\/\"> <span class=\"screen-reader-text\">O nama<\/span> Read More &raquo;<\/a><\/p>","protected":false},"author":1,"featured_media":0,"parent":0,"menu_order":0,"comment_status":"closed","ping_status":"closed","template":"","meta":{"_mi_skip_tracking":false,"_monsterinsights_sitenote_active":false,"_monsterinsights_sitenote_note":"","_monsterinsights_sitenote_category":0,"site-sidebar-layout":"no-sidebar","site-content-layout":"page-builder","ast-main-header-display":"","ast-hfb-above-header-display":"","ast-hfb-below-header-display":"","ast-hfb-mobile-header-display":"","site-post-title":"disabled","ast-breadcrumbs-content":"","ast-featured-img":"disabled","footer-sml-layout":"","theme-transparent-header-meta":"default","adv-header-id-meta":"","stick-header-meta":"","header-above-stick-meta":"","header-main-stick-meta":"","header-below-stick-meta":""},"_links":{"self":[{"href":"https:\/\/spark-cg.com\/cg\/wp-json\/wp\/v2\/pages\/6329"}],"collection":[{"href":"https:\/\/spark-cg.com\/cg\/wp-json\/wp\/v2\/pages"}],"about":[{"href":"https:\/\/spark-cg.com\/cg\/wp-json\/wp\/v2\/types\/page"}],"author":[{"embeddable":true,"href":"https:\/\/spark-cg.com\/cg\/wp-json\/wp\/v2\/users\/1"}],"replies":[{"embeddable":true,"href":"https:\/\/spark-cg.com\/cg\/wp-json\/wp\/v2\/comments?post=6329"}],"version-history":[{"count":6,"href":"https:\/\/spark-cg.com\/cg\/wp-json\/wp\/v2\/pages\/6329\/revisions"}],"predecessor-version":[{"id":7138,"href":"https:\/\/spark-cg.com\/cg\/wp-json\/wp\/v2\/pages\/6329\/revisions\/7138"}],"wp:attachment":[{"href":"https:\/\/spark-cg.com\/cg\/wp-json\/wp\/v2\/media?parent=6329"}],"curies":[{"name":"wp","href":"https:\/\/api.w.org\/{rel}","templated":true}]}}